{"id":1608,"date":"2026-02-19T08:27:18","date_gmt":"2026-02-19T08:27:18","guid":{"rendered":"https:\/\/archilab.gr\/sobre-nosotros\/"},"modified":"2026-03-14T21:47:31","modified_gmt":"2026-03-14T21:47:31","slug":"sobre-nosotros","status":"publish","type":"page","link":"https:\/\/archilab.gr\/es\/sobre-nosotros\/","title":{"rendered":"Sobre nosotros"},"content":{"rendered":"\n<div class=\"wp-block-group alignfull\"><div class=\"wp-block-group__inner-container is-layout-flow wp-block-group-is-layout-flow\">\n<h2 class=\"wp-block-heading alignwide\">Orfeas Giannakidis<\/h2>\n\n\n\n<div class=\"wp-block-columns alignwide are-vertically-aligned-top tw-cols-stack-md is-layout-flex wp-container-core-columns-is-layout-d0b3c9c8 wp-block-columns-is-layout-flex\">\n<div class=\"wp-block-column is-vertically-aligned-top is-layout-flow wp-block-column-is-layout-flow\" style=\"--col-width:450px;flex-basis:450px\"><div class=\"wp-block-image is-style-default\">\n<figure class=\"alignleft size-full is-resized\"><img decoding=\"async\" width=\"450\" height=\"600\" src=\"https:\/\/archilab.gr\/wp-content\/uploads\/2026\/03\/orfeas-giannakidis.jpg\" alt=\"El ingeniero Orfeas Giannakidis en su despacho.\" class=\"wp-image-2484\" style=\"object-fit:cover;width:450px;height:600px\" srcset=\"https:\/\/archilab.gr\/wp-content\/uploads\/2026\/03\/orfeas-giannakidis.jpg 450w, https:\/\/archilab.gr\/wp-content\/uploads\/2026\/03\/orfeas-giannakidis-225x300.jpg 225w\" sizes=\"(max-width: 450px) 100vw, 450px\" \/><\/figure>\n<\/div><\/div>\n\n\n\n<div class=\"wp-block-column is-vertically-aligned-top is-layout-flow wp-block-column-is-layout-flow\">\n<h3 class=\"wp-block-heading\">Perfil<\/h3>\n\n\n\n<p>Como graduado de la Escuela de Ingenier\u00eda Civil de la NTUA (2001), mi trayectoria profesional se ha definido por la b\u00fasqueda constante de la implementaci\u00f3n t\u00e9cnica y estructural \u00f3ptima de las elecciones est\u00e9ticas. Esta trayectoria evolucion\u00f3 durante mi estancia en Barcelona, donde obtuve un M\u00e1ster en Arquitectura Avanzada por el IAAC (2003) y, posteriormente, realic\u00e9 investigaciones de doctorado en composici\u00f3n arquitect\u00f3nica en la Universitat Polit\u00e8cnica de Catalunya bajo la direcci\u00f3n del profesor Helio Pi\u00f1\u00f3n. <\/p>\n\n\n\n<h3 class=\"wp-block-heading\">Experiencia<\/h3>\n\n\n\n<p>Durante mis a\u00f1os de formaci\u00f3n en Barcelona, cofund\u00e9 Studio Corretger 5, colaborando en una amplia gama de concursos internacionales y proyectos art\u00edsticos. Desde entonces, me he centrado en proyectos privados, residenciales y comerciales en Barcelona, Atenas y Alexandroupolis. Mi trabajo se caracteriza por el compromiso con la precisi\u00f3n t\u00e9cnica y una integraci\u00f3n cuidada de la forma y el lugar.  <\/p>\n\n\n\n<h3 class=\"wp-block-heading\">Filosof\u00eda<\/h3>\n\n\n\n<p>Impulsado por un enfoque multidisciplinar, mi pr\u00e1ctica se extiende m\u00e1s all\u00e1 de la arquitectura tradicional hacia la fotograf\u00eda, el dise\u00f1o gr\u00e1fico y el dise\u00f1o de interiores. Considero cada proyecto como una composici\u00f3n integrada donde el rigor met\u00f3dico potencia la visi\u00f3n creativa. <\/p>\n<\/div>\n<\/div>\n<\/div><\/div>\n\n<div style=\"height:50px\" aria-hidden=\"true\" class=\"wp-block-spacer\"><\/div>\n\n<div class=\"wp-block-group alignfull\"><div class=\"wp-block-group__inner-container is-layout-constrained wp-block-group-is-layout-constrained\">\n<h2 class=\"wp-block-heading alignwide\">Servicios<\/h2>\n\n\n\n<details class=\"wp-block-details alignwide has-large-font-size is-layout-flow wp-block-details-is-layout-flow tw-has-icon tw-icon-plus\"><summary><strong>Dise\u00f1o Arquitect\u00f3nico<\/strong><svg class=\"details-plus\" xmlns=\"http:\/\/www.w3.org\/2000\/svg\" width=\"24\" height=\"24\" viewBox=\"0 0 24 24\" version=\"1.1\" aria-hidden=\"true\" focusable=\"false\"><path class=\"plus-vertical\" d=\"M11 6h2v12h-2z\"\/><path d=\"M6 11h12v2H6z\"\/><\/svg><\/summary>\n<p class=\"has-normal-font-size\">Desde la id\u00e9a hasta la ejecuci\u00f3n detallada, creando espacios que equilibran la intenci\u00f3n est\u00e9tica con la integridad estructural.<\/p>\n\n\n\n<ul class=\"wp-block-list is-style-tw-border has-normal-font-size\">\n<li>Arquitectura Residencial (Viviendas unifamiliares y urbanas)<\/li>\n\n\n\n<li>Edificios de Viviendas y Apartamentos<\/li>\n\n\n\n<li>Espacios Comerciales y Retail<\/li>\n\n\n\n<li>Dise\u00f1o de Oficinas y Espacios de Trabajo<\/li>\n\n\n\n<li>Dise\u00f1o de Interiores y Mobiliario a Medida<\/li>\n<\/ul>\n<\/details>\n\n\n\n<details class=\"wp-block-details alignwide has-large-font-size is-layout-flow wp-block-details-is-layout-flow tw-has-icon tw-icon-plus\"><summary><strong>Construcci\u00f3n y Gesti\u00f3n T\u00e9cnica<\/strong><svg class=\"details-plus\" xmlns=\"http:\/\/www.w3.org\/2000\/svg\" width=\"24\" height=\"24\" viewBox=\"0 0 24 24\" version=\"1.1\" aria-hidden=\"true\" focusable=\"false\"><path class=\"plus-vertical\" d=\"M11 6h2v12h-2z\"\/><path d=\"M6 11h12v2H6z\"\/><\/svg><\/summary>\n<p class=\"has-normal-font-size\">Cerrando la brecha entre el plano y el entorno construido a trav\u00e9s del rigor met\u00f3dico y la precisi\u00f3n t\u00e9cnica.<\/p>\n\n\n\n<ul class=\"wp-block-list is-style-tw-border has-normal-font-size\">\n<li>Reformas Integrales<\/li>\n\n\n\n<li>Rehabilitaci\u00f3n y Restauraci\u00f3n de Edificios<\/li>\n\n\n\n<li>Modificaciones Estructurales y Ampliaciones<\/li>\n\n\n\n<li>Supervisi\u00f3n T\u00e9cnica y Direcci\u00f3n de Obra<\/li>\n<\/ul>\n<\/details>\n\n\n\n<details class=\"wp-block-details alignwide has-large-font-size is-layout-flow wp-block-details-is-layout-flow tw-has-icon tw-icon-plus\"><summary><strong>Licencias y Cumplimiento Normativo<\/strong><svg class=\"details-plus\" xmlns=\"http:\/\/www.w3.org\/2000\/svg\" width=\"24\" height=\"24\" viewBox=\"0 0 24 24\" version=\"1.1\" aria-hidden=\"true\" focusable=\"false\"><path class=\"plus-vertical\" d=\"M11 6h2v12h-2z\"\/><path d=\"M6 11h12v2H6z\"\/><\/svg><\/summary>\n<p class=\"has-normal-font-size\">Navegando la complejidad de la normativa urbana para proporcionar bases seguras, legales y funcionales para su propiedad.<\/p>\n\n\n\n<ul class=\"wp-block-list is-style-tw-border has-normal-font-size\">\n<li>Permisos de Edificaci\u00f3n y Licencias de Obra<\/li>\n\n\n\n<li>Legalizaciones y Cumplimiento de Normativa<\/li>\n\n\n\n<li>Documentaci\u00f3n T\u00e9cnica y C\u00e9dulas de Habitabilidad<\/li>\n\n\n\n<li>Licencias de Actividad (Farmacias, cl\u00ednicas m\u00e9dicas, restauraci\u00f3n, comercio)<\/li>\n<\/ul>\n<\/details>\n\n\n\n<details class=\"wp-block-details alignwide has-large-font-size is-layout-flow wp-block-details-is-layout-flow tw-has-icon tw-icon-plus\"><summary><strong>Levantamientos y Documentaci\u00f3n<\/strong><svg class=\"details-plus\" xmlns=\"http:\/\/www.w3.org\/2000\/svg\" width=\"24\" height=\"24\" viewBox=\"0 0 24 24\" version=\"1.1\" aria-hidden=\"true\" focusable=\"false\"><path class=\"plus-vertical\" d=\"M11 6h2v12h-2z\"\/><path d=\"M6 11h12v2H6z\"\/><\/svg><\/summary>\n<p class=\"has-normal-font-size\">Utilizando tecnolog\u00eda l\u00e1ser avanzada para capturar la realidad exacta del sitio, proporcionando una base definitiva para el dise\u00f1o.<\/p>\n\n\n\n<ul class=\"wp-block-list is-style-tw-border has-normal-font-size\">\n<li>Levantamientos de Precisi\u00f3n (Tecnolog\u00eda L\u00e1ser Leica DISTO S910)<\/li>\n\n\n\n<li>Planos As-Built y Archivo Digital<\/li>\n\n\n\n<li>Auditor\u00eda y Comparaci\u00f3n de Planos de Archivo<\/li>\n\n\n\n<li>Fotograf\u00eda de Arquitectura e Inmobiliaria<\/li>\n<\/ul>\n<\/details>\n\n\n\n<details class=\"wp-block-details alignwide has-large-font-size is-layout-flow wp-block-details-is-layout-flow tw-has-icon tw-icon-plus\"><summary><strong>Visualizaci\u00f3n Arquitect\u00f3nica<\/strong><svg class=\"details-plus\" xmlns=\"http:\/\/www.w3.org\/2000\/svg\" width=\"24\" height=\"24\" viewBox=\"0 0 24 24\" version=\"1.1\" aria-hidden=\"true\" focusable=\"false\"><path class=\"plus-vertical\" d=\"M11 6h2v12h-2z\"\/><path d=\"M6 11h12v2H6z\"\/><\/svg><\/summary>\n<p class=\"has-normal-font-size\">Traduciendo conceptos abstractos en narrativas visuales tangibles para facilitar el proceso de dise\u00f1o y la comunicaci\u00f3n.<\/p>\n\n\n\n<ul class=\"wp-block-list is-style-tw-border has-normal-font-size\">\n<li>Modelado Digital 3D<\/li>\n\n\n\n<li>Representaci\u00f3n Conceptual<\/li>\n\n\n\n<li>Renderizado Fotorrealista<\/li>\n\n\n\n<li>Estudios Espaciales y Simulaci\u00f3n de Materiales<\/li>\n<\/ul>\n<\/details>\n<\/div><\/div>\n","protected":false},"excerpt":{"rendered":"<p>Orfeas Giannakidis Perfil Como graduado de la Escuela de Ingenier\u00eda Civil de la NTUA (2001), mi trayectoria profesional se ha definido por la b\u00fasqueda constante de la implementaci\u00f3n t\u00e9cnica y estructural \u00f3ptima de las elecciones est\u00e9ticas. Esta trayectoria evolucion\u00f3 durante mi estancia en Barcelona, donde obtuve un M\u00e1ster en Arquitectura Avanzada por el IAAC (2003)&hellip; <a class=\"more-link\" href=\"https:\/\/archilab.gr\/es\/sobre-nosotros\/\">Seguir leyendo <span class=\"screen-reader-text\">Sobre nosotros<\/span><\/a><\/p>\n","protected":false},"author":1,"featured_media":2742,"parent":0,"menu_order":2,"comment_status":"closed","ping_status":"closed","template":"","meta":{"footnotes":""},"class_list":["post-1608","page","type-page","status-publish","has-post-thumbnail","hentry","entry"],"_links":{"self":[{"href":"https:\/\/archilab.gr\/es\/wp-json\/wp\/v2\/pages\/1608","targetHints":{"allow":["GET"]}}],"collection":[{"href":"https:\/\/archilab.gr\/es\/wp-json\/wp\/v2\/pages"}],"about":[{"href":"https:\/\/archilab.gr\/es\/wp-json\/wp\/v2\/types\/page"}],"author":[{"embeddable":true,"href":"https:\/\/archilab.gr\/es\/wp-json\/wp\/v2\/users\/1"}],"replies":[{"embeddable":true,"href":"https:\/\/archilab.gr\/es\/wp-json\/wp\/v2\/comments?post=1608"}],"version-history":[{"count":0,"href":"https:\/\/archilab.gr\/es\/wp-json\/wp\/v2\/pages\/1608\/revisions"}],"wp:featuredmedia":[{"embeddable":true,"href":"https:\/\/archilab.gr\/es\/wp-json\/wp\/v2\/media\/2742"}],"wp:attachment":[{"href":"https:\/\/archilab.gr\/es\/wp-json\/wp\/v2\/media?parent=1608"}],"curies":[{"name":"wp","href":"https:\/\/api.w.org\/{rel}","templated":true}]}}